{"id":467,"date":"2022-07-14T21:09:30","date_gmt":"2022-07-15T00:09:30","guid":{"rendered":"https:\/\/amconsulte.com.br\/index.php\/sobre-copy\/"},"modified":"2022-07-19T19:38:38","modified_gmt":"2022-07-19T22:38:38","slug":"licitacoes","status":"publish","type":"page","link":"https:\/\/amconsulte.com.br\/index.php\/licitacoes\/","title":{"rendered":"Licita\u00e7\u00f5es"},"content":{"rendered":"\t\t<div data-elementor-type=\"wp-post\" data-elementor-id=\"467\" class=\"elementor elementor-467\">\n\t\t\t\t\t\t<section class=\"elementor-section elementor-top-section elementor-element elementor-element-6e99129 elementor-section-boxed elementor-section-height-default elementor-section-height-default\" data-id=\"6e99129\" data-element_type=\"section\" data-settings=\"{&quot;background_background&quot;:&quot;classic&quot;}\">\n\t\t\t\t\t\t\t<div class=\"elementor-background-overlay\"><\/div>\n\t\t\t\t\t\t\t<div class=\"elementor-container elementor-column-gap-no\">\n\t\t\t\t\t<div class=\"elementor-column elementor-col-100 elementor-top-column elementor-element elementor-element-4416359\" data-id=\"4416359\" data-element_type=\"column\">\n\t\t\t<div class=\"elementor-widget-wrap elementor-element-populated\">\n\t\t\t\t\t\t<div class=\"elementor-element elementor-element-18999a8 elementor-widget elementor-widget-heading\" data-id=\"18999a8\" data-element_type=\"widget\" data-widget_type=\"heading.default\">\n\t\t\t\t<div class=\"elementor-widget-container\">\n\t\t\t<style>\/*! elementor - v3.21.0 - 25-04-2024 *\/\n.elementor-heading-title{padding:0;margin:0;line-height:1}.elementor-widget-heading .elementor-heading-title[class*=elementor-size-]>a{color:inherit;font-size:inherit;line-height:inherit}.elementor-widget-heading .elementor-heading-title.elementor-size-small{font-size:15px}.elementor-widget-heading .elementor-heading-title.elementor-size-medium{font-size:19px}.elementor-widget-heading .elementor-heading-title.elementor-size-large{font-size:29px}.elementor-widget-heading .elementor-heading-title.elementor-size-xl{font-size:39px}.elementor-widget-heading .elementor-heading-title.elementor-size-xxl{font-size:59px}<\/style><h5 class=\"elementor-heading-title elementor-size-default\">Servi\u00e7os Exclusivos<\/h5>\t\t<\/div>\n\t\t\t\t<\/div>\n\t\t\t\t<div class=\"elementor-element elementor-element-754968b elementor-widget elementor-widget-heading\" data-id=\"754968b\" data-element_type=\"widget\" data-widget_type=\"heading.default\">\n\t\t\t\t<div class=\"elementor-widget-container\">\n\t\t\t<h1 class=\"elementor-heading-title elementor-size-default\">Assessoria em Licita\u00e7\u00f5es <\/h1>\t\t<\/div>\n\t\t\t\t<\/div>\n\t\t\t\t\t<\/div>\n\t\t<\/div>\n\t\t\t\t\t<\/div>\n\t\t<\/section>\n\t\t\t\t<section class=\"elementor-section elementor-top-section elementor-element elementor-element-258f1039 elementor-section-content-middle elementor-section-boxed elementor-section-height-default elementor-section-height-default\" data-id=\"258f1039\" data-element_type=\"section\" data-settings=\"{&quot;background_background&quot;:&quot;classic&quot;}\">\n\t\t\t\t\t\t\t<div class=\"elementor-background-overlay\"><\/div>\n\t\t\t\t\t\t\t<div class=\"elementor-container elementor-column-gap-no\">\n\t\t\t\t\t<div class=\"elementor-column elementor-col-100 elementor-top-column elementor-element elementor-element-621c72c3\" data-id=\"621c72c3\" data-element_type=\"column\">\n\t\t\t<div class=\"elementor-widget-wrap elementor-element-populated\">\n\t\t\t\t\t\t<section class=\"elementor-section elementor-inner-section elementor-element elementor-element-216ab9b elementor-section-boxed elementor-section-height-default elementor-section-height-default\" data-id=\"216ab9b\" data-element_type=\"section\">\n\t\t\t\t\t\t<div class=\"elementor-container elementor-column-gap-default\">\n\t\t\t\t\t<div class=\"elementor-column elementor-col-100 elementor-inner-column elementor-element elementor-element-0b1cb91\" data-id=\"0b1cb91\" data-element_type=\"column\">\n\t\t\t<div class=\"elementor-widget-wrap elementor-element-populated\">\n\t\t\t\t\t\t<div class=\"elementor-element elementor-element-1aa32854 elementor-widget elementor-widget-heading\" data-id=\"1aa32854\" data-element_type=\"widget\" data-widget_type=\"heading.default\">\n\t\t\t\t<div class=\"elementor-widget-container\">\n\t\t\t<h6 class=\"elementor-heading-title elementor-size-default\">Servi\u00e7os Exclusivos<\/h6>\t\t<\/div>\n\t\t\t\t<\/div>\n\t\t\t\t<div class=\"elementor-element elementor-element-7b8aedf0 elementor-widget elementor-widget-heading\" data-id=\"7b8aedf0\" data-element_type=\"widget\" data-widget_type=\"heading.default\">\n\t\t\t\t<div class=\"elementor-widget-container\">\n\t\t\t<h2 class=\"elementor-heading-title elementor-size-default\">Para sua empresa vender para o Governo, conte com nosso expertise na \u00e1rea de Licita\u00e7\u00f5es p\u00fablicas<\/h2>\t\t<\/div>\n\t\t\t\t<\/div>\n\t\t\t\t<div class=\"elementor-element elementor-element-ebfbb7b elementor-widget elementor-widget-text-editor\" data-id=\"ebfbb7b\" data-element_type=\"widget\" data-widget_type=\"text-editor.default\">\n\t\t\t\t<div class=\"elementor-widget-container\">\n\t\t\t<style>\/*! elementor - v3.21.0 - 25-04-2024 *\/\n.elementor-widget-text-editor.elementor-drop-cap-view-stacked .elementor-drop-cap{background-color:#69727d;color:#fff}.elementor-widget-text-editor.elementor-drop-cap-view-framed .elementor-drop-cap{color:#69727d;border:3px solid;background-color:transparent}.elementor-widget-text-editor:not(.elementor-drop-cap-view-default) .elementor-drop-cap{margin-top:8px}.elementor-widget-text-editor:not(.elementor-drop-cap-view-default) .elementor-drop-cap-letter{width:1em;height:1em}.elementor-widget-text-editor .elementor-drop-cap{float:left;text-align:center;line-height:1;font-size:50px}.elementor-widget-text-editor .elementor-drop-cap-letter{display:inline-block}<\/style>\t\t\t\t<h5>Contamos com um servi\u00e7o exclusivo de Assessoria em Licita\u00e7\u00f5es P\u00fablicas, com o intuito de viabilizar econ\u00f4mica e tecnicamente os processos licitat\u00f3rios de sua empresa, visando prevenir riscos e ampliar a probabilidade de sucesso nos certames.<\/h5>\t\t\t\t\t\t<\/div>\n\t\t\t\t<\/div>\n\t\t\t\t\t<\/div>\n\t\t<\/div>\n\t\t\t\t\t<\/div>\n\t\t<\/section>\n\t\t\t\t<section class=\"elementor-section elementor-inner-section elementor-element elementor-element-1550a677 elementor-section-content-middle elementor-section-boxed elementor-section-height-default elementor-section-height-default\" data-id=\"1550a677\" data-element_type=\"section\">\n\t\t\t\t\t\t<div class=\"elementor-container elementor-column-gap-no\">\n\t\t\t\t\t<div class=\"elementor-column elementor-col-50 elementor-inner-column elementor-element elementor-element-2f37c46f\" data-id=\"2f37c46f\" data-element_type=\"column\" data-settings=\"{&quot;background_background&quot;:&quot;classic&quot;}\">\n\t\t\t<div class=\"elementor-widget-wrap elementor-element-populated\">\n\t\t\t\t\t\t<div class=\"elementor-element elementor-element-4dd3153 elementor-widget elementor-widget-text-editor\" data-id=\"4dd3153\" data-element_type=\"widget\" data-widget_type=\"text-editor.default\">\n\t\t\t\t<div class=\"elementor-widget-container\">\n\t\t\t\t\t\t\t<p style=\"font-size: 17px; font-style: normal; font-weight: 400;\">Pesquisamos diariamente\u00a0os\u00a0<span style=\"font-weight: bold;\">avisos de licita\u00e7\u00e3o<\/span>\u00a0conforme a \u00e1rea de atua\u00e7\u00e3o e interesse de sua empresa.<\/p><p style=\"font-size: 17px; font-style: normal; font-weight: 400;\">Procedemos o estudo minucioso do Edital com o objetivo de evitar eventuais erros na elabora\u00e7\u00e3o da proposta e documentos de habilita\u00e7\u00e3o.<\/p><p style=\"font-size: 17px; font-style: normal; font-weight: 400;\">Damos todo o suporte na obten\u00e7\u00e3o e organiza\u00e7\u00e3o da documenta\u00e7\u00e3o\u00a0<span style=\"font-weight: bold;\">Habilitat\u00f3ria<\/span>\u00a0e na elabora\u00e7\u00e3o de sua\u00a0<span style=\"font-weight: bold;\">Proposta<\/span>, tudo de acordo com as exig\u00eancias do Edital.<\/p><p>\u00a0<\/p>\t\t\t\t\t\t<\/div>\n\t\t\t\t<\/div>\n\t\t\t\t\t<\/div>\n\t\t<\/div>\n\t\t\t\t<div class=\"elementor-column elementor-col-50 elementor-inner-column elementor-element elementor-element-89e9cdf\" data-id=\"89e9cdf\" data-element_type=\"column\" data-settings=\"{&quot;background_background&quot;:&quot;classic&quot;}\">\n\t\t\t<div class=\"elementor-widget-wrap elementor-element-populated\">\n\t\t\t\t\t\t<div class=\"elementor-element elementor-element-3ba34005 elementor-widget elementor-widget-text-editor\" data-id=\"3ba34005\" data-element_type=\"widget\" data-widget_type=\"text-editor.default\">\n\t\t\t\t<div class=\"elementor-widget-container\">\n\t\t\t\t\t\t\t<p>Representamos sua empresa atrav\u00e9s de opera\u00e7\u00e3o &#8220;online&#8221; dos certames quando da realiza\u00e7\u00e3o da sess\u00e3o p\u00fablica virtual, seja <b>Preg\u00e3o Eletr\u00f4nico<\/b>, <b>RDC<\/b> ou <b>Dispensa Eletr\u00f4nica de Licita\u00e7\u00e3o<\/b>, atuando nos principais portais de licita\u00e7\u00f5es do Pa\u00eds, como o <b>Compras.Gov.Br<\/b> e o <b>Portal Banco do Brasil<\/b>.<\/p><p>Atuamos tamb\u00e9m na\u00a0elabora\u00e7\u00e3o de <b>recursos<\/b> contra falhas nos documentos dos concorrentes, bem como <b>defesa e contra raz\u00f5es<\/b> caso sua empresa seja prejudicada pela Comiss\u00e3o ou por outros concorrentes.<\/p><p>\u00a0<\/p>\t\t\t\t\t\t<\/div>\n\t\t\t\t<\/div>\n\t\t\t\t\t<\/div>\n\t\t<\/div>\n\t\t\t\t\t<\/div>\n\t\t<\/section>\n\t\t\t\t<section class=\"elementor-section elementor-inner-section elementor-element elementor-element-5ce8973 elementor-section-content-middle elementor-section-boxed elementor-section-height-default elementor-section-height-default\" data-id=\"5ce8973\" data-element_type=\"section\">\n\t\t\t\t\t\t<div class=\"elementor-container elementor-column-gap-no\">\n\t\t\t\t\t<div class=\"elementor-column elementor-col-50 elementor-inner-column elementor-element elementor-element-3f36155\" data-id=\"3f36155\" data-element_type=\"column\" data-settings=\"{&quot;background_background&quot;:&quot;classic&quot;}\">\n\t\t\t<div class=\"elementor-widget-wrap elementor-element-populated\">\n\t\t\t\t\t\t<div class=\"elementor-element elementor-element-8f53a9d elementor-widget elementor-widget-text-editor\" data-id=\"8f53a9d\" data-element_type=\"widget\" data-widget_type=\"text-editor.default\">\n\t\t\t\t<div class=\"elementor-widget-container\">\n\t\t\t\t\t\t\t<p><b>Aviso de Licita\u00e7\u00f5es<\/b><\/p><p>Pesquisa di\u00e1ria de Editais conforme a \u00e1rea de atua\u00e7\u00e3o e interesse de sua empresa.<\/p><p><b>An\u00e1lise de Edital<\/b><\/p><p>Estudo minucioso do Edital com o objetivo de evitar eventuais erros na elabora\u00e7\u00e3o da proposta e documentos de habilita\u00e7\u00e3o.<\/p><p><b>Pedido de Esclarecimentos e Impugna\u00e7\u00f5es<\/b><\/p><p>Solicita\u00e7\u00e3o de impugna\u00e7\u00e3o ao Edital, se necess\u00e1rio, bem como informa\u00e7\u00f5es complementares para viabilizar a apresenta\u00e7\u00e3o da proposta.<\/p><p><b>Documentos de Habilita\u00e7\u00e3o<\/b><\/p><p>Suporte na obten\u00e7\u00e3o e organiza\u00e7\u00e3o da documenta\u00e7\u00e3o habilitat\u00f3ria de acordo com as exig\u00eancias do Edital.<\/p><p><b>Elabora\u00e7\u00e3o da Proposta<\/b><\/p><p>Formula\u00e7\u00e3o da proposta de pre\u00e7os e de sua correspondente planilha de custos, se houver.<\/p><p>\u00a0<\/p>\t\t\t\t\t\t<\/div>\n\t\t\t\t<\/div>\n\t\t\t\t\t<\/div>\n\t\t<\/div>\n\t\t\t\t<div class=\"elementor-column elementor-col-50 elementor-inner-column elementor-element elementor-element-c79e4ce\" data-id=\"c79e4ce\" data-element_type=\"column\" data-settings=\"{&quot;background_background&quot;:&quot;classic&quot;}\">\n\t\t\t<div class=\"elementor-widget-wrap elementor-element-populated\">\n\t\t\t\t\t\t<div class=\"elementor-element elementor-element-1a41e2a elementor-widget elementor-widget-text-editor\" data-id=\"1a41e2a\" data-element_type=\"widget\" data-widget_type=\"text-editor.default\">\n\t\t\t\t<div class=\"elementor-widget-container\">\n\t\t\t\t\t\t\t<p style=\"font-size: 17px; font-style: normal; font-weight: 400;\"><span style=\"font-weight: bold;\">Participa\u00e7\u00e3o da Sess\u00e3o P\u00fablica<\/span><\/p><p style=\"font-size: 17px; font-style: normal; font-weight: 400;\">Atua\u00e7\u00e3o como representante da empresa atrav\u00e9s de opera\u00e7\u00e3o &#8220;online&#8221; do certame quando da realiza\u00e7\u00e3o da sess\u00e3o p\u00fablica virtual.<\/p><p><b>Recursos e Contra-Raz\u00f5es<\/b><\/p><p>Elabora\u00e7\u00e3o de recurso contra falhas nos documentos dos concorrentes, bem como defesa e contra raz\u00f5es caso sua empresa seja prejudicada pela Comiss\u00e3o ou por outros concorrentes.<\/p><p><b>Gest\u00e3o Contratual<\/b><\/p><p>Acompanhamento e controle dos contratos junto ao \u00f3rg\u00e3o p\u00fablico contratante, bem como assessoria nos processos de prorroga\u00e7\u00e3o, repactua\u00e7\u00e3o e demais altera\u00e7\u00f5es contratuais.<\/p><p><b>Assessoria Cadastral<\/b><\/p><p>Registro e atualiza\u00e7\u00e3o nos diversos cadastros de fornecedores para participa\u00e7\u00e3o em licita\u00e7\u00f5es, tais como SICAF e Comprasnet, CRC Estadual, Caixa Econ\u00f4mica Federal, Banco do Brasil, entre outros.<\/p><p>\u00a0<\/p>\t\t\t\t\t\t<\/div>\n\t\t\t\t<\/div>\n\t\t\t\t\t<\/div>\n\t\t<\/div>\n\t\t\t\t\t<\/div>\n\t\t<\/section>\n\t\t\t\t\t<\/div>\n\t\t<\/div>\n\t\t\t\t\t<\/div>\n\t\t<\/section>\n\t\t\t\t<section class=\"elementor-section elementor-top-section elementor-element elementor-element-6785f070 elementor-section-content-middle elementor-section-boxed elementor-section-height-default elementor-section-height-default\" data-id=\"6785f070\" data-element_type=\"section\" data-settings=\"{&quot;background_background&quot;:&quot;classic&quot;}\">\n\t\t\t\t\t\t<div class=\"elementor-container elementor-column-gap-no\">\n\t\t\t\t\t<div class=\"elementor-column elementor-col-100 elementor-top-column elementor-element elementor-element-4d72afd\" data-id=\"4d72afd\" data-element_type=\"column\">\n\t\t\t<div class=\"elementor-widget-wrap elementor-element-populated\">\n\t\t\t\t\t\t<div class=\"elementor-element elementor-element-6f798da elementor-widget elementor-widget-heading\" data-id=\"6f798da\" data-element_type=\"widget\" data-widget_type=\"heading.default\">\n\t\t\t\t<div class=\"elementor-widget-container\">\n\t\t\t<h6 class=\"elementor-heading-title elementor-size-medium\">Para a contratar os servi\u00e7os de assessoria em Licita\u00e7\u00f5es P\u00fablicas do escrit\u00f3rio <b>AM Consulte<\/b>, voc\u00ea far\u00e1 um investimento menor do que para contratar um empregado especializado para procurar e analisar editais, participar dos processos e cuidar das documenta\u00e7\u00f5es, al\u00e9m de n\u00e3o precisar disponibilizar espa\u00e7o f\u00edsico em sua empresa.<\/h6>\t\t<\/div>\n\t\t\t\t<\/div>\n\t\t\t\t\t<\/div>\n\t\t<\/div>\n\t\t\t\t\t<\/div>\n\t\t<\/section>\n\t\t\t\t<section class=\"elementor-section elementor-top-section elementor-element elementor-element-f8ad88f elementor-section-content-middle elementor-section-boxed elementor-section-height-default elementor-section-height-default\" data-id=\"f8ad88f\" data-element_type=\"section\" data-settings=\"{&quot;background_background&quot;:&quot;classic&quot;}\">\n\t\t\t\t\t\t\t<div class=\"elementor-background-overlay\"><\/div>\n\t\t\t\t\t\t\t<div class=\"elementor-container elementor-column-gap-no\">\n\t\t\t\t\t<div class=\"elementor-column elementor-col-50 elementor-top-column elementor-element elementor-element-19076a4\" data-id=\"19076a4\" data-element_type=\"column\">\n\t\t\t<div class=\"elementor-widget-wrap elementor-element-populated\">\n\t\t\t\t\t\t<div class=\"elementor-element elementor-element-a7a63e8 elementor-widget elementor-widget-heading\" data-id=\"a7a63e8\" data-element_type=\"widget\" data-widget_type=\"heading.default\">\n\t\t\t\t<div class=\"elementor-widget-container\">\n\t\t\t<h5 class=\"elementor-heading-title elementor-size-default\">Estimativa<\/h5>\t\t<\/div>\n\t\t\t\t<\/div>\n\t\t\t\t<div class=\"elementor-element elementor-element-75947b9 elementor-widget elementor-widget-heading\" data-id=\"75947b9\" data-element_type=\"widget\" data-widget_type=\"heading.default\">\n\t\t\t\t<div class=\"elementor-widget-container\">\n\t\t\t<h2 class=\"elementor-heading-title elementor-size-default\">Solicite um Or\u00e7amento<\/h2>\t\t<\/div>\n\t\t\t\t<\/div>\n\t\t\t\t<div class=\"elementor-element elementor-element-c51a382 elementor-widget elementor-widget-text-editor\" data-id=\"c51a382\" data-element_type=\"widget\" data-widget_type=\"text-editor.default\">\n\t\t\t\t<div class=\"elementor-widget-container\">\n\t\t\t\t\t\t\t<p>Entre em contato e solicite, sem compromisso, um or\u00e7amento de nossos servi\u00e7os.<\/p>\t\t\t\t\t\t<\/div>\n\t\t\t\t<\/div>\n\t\t\t\t\t<\/div>\n\t\t<\/div>\n\t\t\t\t<div class=\"elementor-column elementor-col-50 elementor-top-column elementor-element elementor-element-1703cb4\" data-id=\"1703cb4\" data-element_type=\"column\">\n\t\t\t<div class=\"elementor-widget-wrap\">\n\t\t\t\t\t\t\t<\/div>\n\t\t<\/div>\n\t\t\t\t\t<\/div>\n\t\t<\/section>\n\t\t\t\t<\/div>\n\t\t","protected":false},"excerpt":{"rendered":"<p>Servi\u00e7os Exclusivos Assessoria em Licita\u00e7\u00f5es Servi\u00e7os Exclusivos Para sua empresa vender para o Governo, conte com nosso expertise na \u00e1rea de Licita\u00e7\u00f5es p\u00fablicas Contamos com um servi\u00e7o exclusivo de Assessoria em Licita\u00e7\u00f5es P\u00fablicas, com o intuito de viabilizar econ\u00f4mica e tecnicamente os processos licitat\u00f3rios de sua empresa, visando prevenir riscos e ampliar a probabilidade de &hellip;<\/p>\n<p class=\"read-more\"> <a class=\"\" href=\"https:\/\/amconsulte.com.br\/index.php\/licitacoes\/\"> <span class=\"screen-reader-text\">Licita\u00e7\u00f5es<\/span> Read More &raquo;<\/a><\/p>\n","protected":false},"author":1,"featured_media":0,"parent":0,"menu_order":0,"comment_status":"closed","ping_status":"closed","template":"elementor_header_footer","meta":{"om_disable_all_campaigns":false,"site-sidebar-layout":"default","site-content-layout":"page-builder","ast-global-header-display":"","ast-main-header-display":"","ast-hfb-above-header-display":"","ast-hfb-below-header-display":"","ast-hfb-mobile-header-display":"","site-post-title":"disabled","ast-breadcrumbs-content":"","ast-featured-img":"disabled","footer-sml-layout":"","theme-transparent-header-meta":"enabled","adv-header-id-meta":"","stick-header-meta":"","header-above-stick-meta":"","header-main-stick-meta":"","header-below-stick-meta":"","footnotes":""},"aioseo_notices":[],"_links":{"self":[{"href":"https:\/\/amconsulte.com.br\/index.php\/wp-json\/wp\/v2\/pages\/467"}],"collection":[{"href":"https:\/\/amconsulte.com.br\/index.php\/wp-json\/wp\/v2\/pages"}],"about":[{"href":"https:\/\/amconsulte.com.br\/index.php\/wp-json\/wp\/v2\/types\/page"}],"author":[{"embeddable":true,"href":"https:\/\/amconsulte.com.br\/index.php\/wp-json\/wp\/v2\/users\/1"}],"replies":[{"embeddable":true,"href":"https:\/\/amconsulte.com.br\/index.php\/wp-json\/wp\/v2\/comments?post=467"}],"version-history":[{"count":22,"href":"https:\/\/amconsulte.com.br\/index.php\/wp-json\/wp\/v2\/pages\/467\/revisions"}],"predecessor-version":[{"id":575,"href":"https:\/\/amconsulte.com.br\/index.php\/wp-json\/wp\/v2\/pages\/467\/revisions\/575"}],"wp:attachment":[{"href":"https:\/\/amconsulte.com.br\/index.php\/wp-json\/wp\/v2\/media?parent=467"}],"curies":[{"name":"wp","href":"https:\/\/api.w.org\/{rel}","templated":true}]}}